{"id":1229,"date":"2021-10-07T17:03:49","date_gmt":"2021-10-07T10:03:49","guid":{"rendered":"https:\/\/irohathai.com\/en\/?post_type=product&#038;p=1229"},"modified":"2022-04-11T17:01:24","modified_gmt":"2022-04-11T10:01:24","slug":"tenga-spinner-06-brick","status":"publish","type":"product","link":"https:\/\/irohathai.com\/en\/product\/tenga-spinner-06-brick\/","title":{"rendered":"TENGA SPINNER 06 BRICK"},"content":{"rendered":"<div id=\"tab-description\" class=\"woocommerce-Tabs-panel woocommerce-Tabs-panel--description panel entry-content wc-tab\" role=\"tabpanel\" aria-labelledby=\"tab-title-description\">\n<div id=\"tab-description\" class=\"woocommerce-Tabs-panel woocommerce-Tabs-panel--description panel entry-content wc-tab\" role=\"tabpanel\" aria-labelledby=\"tab-title-description\">\n<div id=\"tab-description\" class=\"woocommerce-Tabs-panel woocommerce-Tabs-panel--description panel entry-content wc-tab\" role=\"tabpanel\" aria-labelledby=\"tab-title-description\">\n<p>TENGA SPINNER BRICK<br \/>\nA spiral of bold, impacting tiles<\/p>\n<p>Size (D \u00d7 W \u00d7 H inches): 1.77 \u00d7 1.77 \u00d7 5.11<\/p>\n<p>Insertion Length (inches): Stretches to approx. 6.73<\/p>\n<p>Insertion Width (inches): Stretches to approx. 2.15<\/p>\n<p>Weight (lbs): 0.29<\/p>\n<p>Other Specs: Reusable, Sample Lubricant Included<\/p>\n<p>Materials:<\/p>\n<p>Casing: PP, PS, PE<\/p>\n<p>Product: Elastomer<br \/>\nLotion: HOLE LOTION [REAL] (Red) Ingredients:<br \/>\nWater, Glycerin, Sodium Polyacrylate, Ethanol, Hydroxyethylcellulose, Phenoxyethanol, Methylparaben, EDTA-2Na, Polysorbate 80, Sorbitan Cocoate, Fragrance<\/p>\n<\/div>\n<\/div>\n<\/div>\n","protected":false},"excerpt":{"rendered":"<p><iframe title=\"YouTube video player\" src=\"https:\/\/www.youtube.com\/embed\/x8XuCPV5cCo\" width=\"782\" height=\"440\" frameborder=\"0\" allowfullscreen=\"allowfullscreen\"><\/iframe><\/p>\n","protected":false},"featured_media":1231,"template":"","meta":[],"product_brand":[],"product_cat":[70,23],"product_tag":[],"class_list":{"0":"post-1229","1":"product","2":"type-product","3":"status-publish","4":"has-post-thumbnail","6":"product_cat-tenga","7":"product_cat-spinner","9":"first","10":"instock","11":"shipping-taxable","12":"purchasable","13":"product-type-simple"},"yoast_head":"<!-- This site is optimized with the Yoast SEO plugin v26.7 - https:\/\/yoast.com\/wordpress\/plugins\/seo\/ -->\n<title>TENGA SPINNER 06 BRICK<\/title>\n<meta name=\"robots\" content=\"noindex, follow, max-snippet:-1, max-image-preview:large, max-video-preview:-1\" \/>\n<meta property=\"og:locale\" content=\"en_US\" \/>\n<meta property=\"og:locale:alternate\" content=\"th\" \/>\n<meta property=\"og:type\" content=\"article\" \/>\n<meta property=\"og:title\" content=\"TENGA SPINNER 06 BRICK\" \/>\n<meta property=\"og:url\" content=\"https:\/\/irohathai.com\/en\/product\/tenga-spinner-06-brick\/\" \/>\n<meta property=\"og:site_name\" content=\"iroha - Official Website\" \/>\n<meta property=\"article:modified_time\" content=\"2022-04-11T10:01:24+00:00\" \/>\n<meta property=\"og:image\" content=\"https:\/\/irohathai.com\/wp-content\/uploads\/2021\/10\/SPN-006_01copy_1000x1000.jpg\" \/>\n\t<meta property=\"og:image:width\" content=\"1000\" \/>\n\t<meta property=\"og:image:height\" content=\"1000\" \/>\n\t<meta property=\"og:image:type\" content=\"image\/jpeg\" \/>\n<meta name=\"twitter:card\" content=\"summary_large_image\" \/>\n<meta name=\"twitter:label1\" content=\"Est. reading time\" \/>\n\t<meta name=\"twitter:data1\" content=\"1 minute\" \/>\n<script type=\"application\/ld+json\" class=\"yoast-schema-graph\">{\"@context\":\"https:\/\/schema.org\",\"@graph\":[{\"@type\":\"WebPage\",\"@id\":\"https:\/\/irohathai.com\/product\/tenga-spinner-06-brick\/\",\"url\":\"https:\/\/irohathai.com\/product\/tenga-spinner-06-brick\/\",\"name\":\"TENGA SPINNER 06 BRICK\",\"isPartOf\":{\"@id\":\"https:\/\/irohathai.com\/#website\"},\"primaryImageOfPage\":{\"@id\":\"https:\/\/irohathai.com\/product\/tenga-spinner-06-brick\/#primaryimage\"},\"image\":{\"@id\":\"https:\/\/irohathai.com\/product\/tenga-spinner-06-brick\/#primaryimage\"},\"thumbnailUrl\":\"https:\/\/irohathai.com\/wp-content\/uploads\/2021\/10\/SPN-006_01copy_1000x1000.jpg\",\"datePublished\":\"2021-10-07T10:03:49+00:00\",\"dateModified\":\"2022-04-11T10:01:24+00:00\",\"breadcrumb\":{\"@id\":\"https:\/\/irohathai.com\/product\/tenga-spinner-06-brick\/#breadcrumb\"},\"inLanguage\":\"en-US\",\"potentialAction\":[{\"@type\":\"ReadAction\",\"target\":[\"https:\/\/irohathai.com\/product\/tenga-spinner-06-brick\/\"]}]},{\"@type\":\"ImageObject\",\"inLanguage\":\"en-US\",\"@id\":\"https:\/\/irohathai.com\/product\/tenga-spinner-06-brick\/#primaryimage\",\"url\":\"https:\/\/irohathai.com\/wp-content\/uploads\/2021\/10\/SPN-006_01copy_1000x1000.jpg\",\"contentUrl\":\"https:\/\/irohathai.com\/wp-content\/uploads\/2021\/10\/SPN-006_01copy_1000x1000.jpg\",\"width\":1000,\"height\":1000},{\"@type\":\"BreadcrumbList\",\"@id\":\"https:\/\/irohathai.com\/product\/tenga-spinner-06-brick\/#breadcrumb\",\"itemListElement\":[{\"@type\":\"ListItem\",\"position\":1,\"name\":\"Home\",\"item\":\"https:\/\/irohathai.com\/en\/\"},{\"@type\":\"ListItem\",\"position\":2,\"name\":\"\u0e23\u0e49\u0e32\u0e19\u0e04\u0e49\u0e32\",\"item\":\"https:\/\/irohathai.com\/shop\/\"},{\"@type\":\"ListItem\",\"position\":3,\"name\":\"\u0e40\u0e17\u0e47\u0e07\u0e01\u0e49\u0e32 \u0e2a\u0e1b\u0e34\u0e19\u0e40\u0e19\u0e2d\u0e23\u0e4c \u0e0b\u0e35\u0e42\u0e23\u0e48 \u0e0b\u0e35\u0e04\u0e04\u0e4c \u0e1a\u0e23\u0e34\u0e04\"}]},{\"@type\":\"WebSite\",\"@id\":\"https:\/\/irohathai.com\/#website\",\"url\":\"https:\/\/irohathai.com\/\",\"name\":\"iroha - Official Website\",\"description\":\"adult toys online store \u0e19\u0e33\u0e40\u0e02\u0e49\u0e32\u0e08\u0e32\u0e01\u0e1b\u0e23\u0e30\u0e40\u0e17\u0e28\u0e0d\u0e35\u0e48\u0e1b\u0e38\u0e48\u0e19\",\"publisher\":{\"@id\":\"https:\/\/irohathai.com\/#organization\"},\"potentialAction\":[{\"@type\":\"SearchAction\",\"target\":{\"@type\":\"EntryPoint\",\"urlTemplate\":\"https:\/\/irohathai.com\/?s={search_term_string}\"},\"query-input\":{\"@type\":\"PropertyValueSpecification\",\"valueRequired\":true,\"valueName\":\"search_term_string\"}}],\"inLanguage\":\"en-US\"},{\"@type\":\"Organization\",\"@id\":\"https:\/\/irohathai.com\/#organization\",\"name\":\"iroha - Official Website\",\"url\":\"https:\/\/irohathai.com\/\",\"logo\":{\"@type\":\"ImageObject\",\"inLanguage\":\"en-US\",\"@id\":\"https:\/\/irohathai.com\/#\/schema\/logo\/image\/\",\"url\":\"https:\/\/irohathai.com\/wp-content\/uploads\/2022\/08\/cropped-S__22217057.gif\",\"contentUrl\":\"https:\/\/irohathai.com\/wp-content\/uploads\/2022\/08\/cropped-S__22217057.gif\",\"width\":1065,\"height\":619,\"caption\":\"iroha - Official Website\"},\"image\":{\"@id\":\"https:\/\/irohathai.com\/#\/schema\/logo\/image\/\"}}]}<\/script>\n<!-- \/ Yoast SEO plugin. -->","yoast_head_json":{"title":"TENGA SPINNER 06 BRICK","robots":{"index":"noindex","follow":"follow","max-snippet":"max-snippet:-1","max-image-preview":"max-image-preview:large","max-video-preview":"max-video-preview:-1"},"og_locale":"en_US","og_type":"article","og_title":"[:en]TENGA SPINNER 06 BRICK[:th]\u0e40\u0e17\u0e47\u0e07\u0e01\u0e49\u0e32 \u0e2a\u0e1b\u0e34\u0e19\u0e40\u0e19\u0e2d\u0e23\u0e4c \u0e0b\u0e35\u0e42\u0e23\u0e48 \u0e0b\u0e35\u0e04\u0e04\u0e4c \u0e1a\u0e23\u0e34\u0e04[:] - iroha - Official Website","og_url":"https:\/\/irohathai.com\/en\/product\/tenga-spinner-06-brick\/","og_site_name":"iroha - Official Website","article_modified_time":"2022-04-11T10:01:24+00:00","og_image":[{"width":1000,"height":1000,"url":"https:\/\/irohathai.com\/wp-content\/uploads\/2021\/10\/SPN-006_01copy_1000x1000.jpg","type":"image\/jpeg"}],"twitter_card":"summary_large_image","twitter_misc":{"Est. reading time":"1 minute"},"schema":{"@context":"https:\/\/schema.org","@graph":[{"@type":"WebPage","@id":"https:\/\/irohathai.com\/product\/tenga-spinner-06-brick\/","url":"https:\/\/irohathai.com\/product\/tenga-spinner-06-brick\/","name":"TENGA SPINNER 06 BRICK","isPartOf":{"@id":"https:\/\/irohathai.com\/#website"},"primaryImageOfPage":{"@id":"https:\/\/irohathai.com\/product\/tenga-spinner-06-brick\/#primaryimage"},"image":{"@id":"https:\/\/irohathai.com\/product\/tenga-spinner-06-brick\/#primaryimage"},"thumbnailUrl":"https:\/\/irohathai.com\/wp-content\/uploads\/2021\/10\/SPN-006_01copy_1000x1000.jpg","datePublished":"2021-10-07T10:03:49+00:00","dateModified":"2022-04-11T10:01:24+00:00","breadcrumb":{"@id":"https:\/\/irohathai.com\/product\/tenga-spinner-06-brick\/#breadcrumb"},"inLanguage":"en-US","potentialAction":[{"@type":"ReadAction","target":["https:\/\/irohathai.com\/product\/tenga-spinner-06-brick\/"]}]},{"@type":"ImageObject","inLanguage":"en-US","@id":"https:\/\/irohathai.com\/product\/tenga-spinner-06-brick\/#primaryimage","url":"https:\/\/irohathai.com\/wp-content\/uploads\/2021\/10\/SPN-006_01copy_1000x1000.jpg","contentUrl":"https:\/\/irohathai.com\/wp-content\/uploads\/2021\/10\/SPN-006_01copy_1000x1000.jpg","width":1000,"height":1000},{"@type":"BreadcrumbList","@id":"https:\/\/irohathai.com\/product\/tenga-spinner-06-brick\/#breadcrumb","itemListElement":[{"@type":"ListItem","position":1,"name":"Home","item":"https:\/\/irohathai.com\/en\/"},{"@type":"ListItem","position":2,"name":"\u0e23\u0e49\u0e32\u0e19\u0e04\u0e49\u0e32","item":"https:\/\/irohathai.com\/shop\/"},{"@type":"ListItem","position":3,"name":"\u0e40\u0e17\u0e47\u0e07\u0e01\u0e49\u0e32 \u0e2a\u0e1b\u0e34\u0e19\u0e40\u0e19\u0e2d\u0e23\u0e4c \u0e0b\u0e35\u0e42\u0e23\u0e48 \u0e0b\u0e35\u0e04\u0e04\u0e4c \u0e1a\u0e23\u0e34\u0e04"}]},{"@type":"WebSite","@id":"https:\/\/irohathai.com\/#website","url":"https:\/\/irohathai.com\/","name":"iroha - Official Website","description":"adult toys online store \u0e19\u0e33\u0e40\u0e02\u0e49\u0e32\u0e08\u0e32\u0e01\u0e1b\u0e23\u0e30\u0e40\u0e17\u0e28\u0e0d\u0e35\u0e48\u0e1b\u0e38\u0e48\u0e19","publisher":{"@id":"https:\/\/irohathai.com\/#organization"},"potentialAction":[{"@type":"SearchAction","target":{"@type":"EntryPoint","urlTemplate":"https:\/\/irohathai.com\/?s={search_term_string}"},"query-input":{"@type":"PropertyValueSpecification","valueRequired":true,"valueName":"search_term_string"}}],"inLanguage":"en-US"},{"@type":"Organization","@id":"https:\/\/irohathai.com\/#organization","name":"iroha - Official Website","url":"https:\/\/irohathai.com\/","logo":{"@type":"ImageObject","inLanguage":"en-US","@id":"https:\/\/irohathai.com\/#\/schema\/logo\/image\/","url":"https:\/\/irohathai.com\/wp-content\/uploads\/2022\/08\/cropped-S__22217057.gif","contentUrl":"https:\/\/irohathai.com\/wp-content\/uploads\/2022\/08\/cropped-S__22217057.gif","width":1065,"height":619,"caption":"iroha - Official Website"},"image":{"@id":"https:\/\/irohathai.com\/#\/schema\/logo\/image\/"}}]}},"_links":{"self":[{"href":"https:\/\/irohathai.com\/en\/wp-json\/wp\/v2\/product\/1229","targetHints":{"allow":["GET"]}}],"collection":[{"href":"https:\/\/irohathai.com\/en\/wp-json\/wp\/v2\/product"}],"about":[{"href":"https:\/\/irohathai.com\/en\/wp-json\/wp\/v2\/types\/product"}],"wp:featuredmedia":[{"embeddable":true,"href":"https:\/\/irohathai.com\/en\/wp-json\/wp\/v2\/media\/1231"}],"wp:attachment":[{"href":"https:\/\/irohathai.com\/en\/wp-json\/wp\/v2\/media?parent=1229"}],"wp:term":[{"taxonomy":"product_brand","embeddable":true,"href":"https:\/\/irohathai.com\/en\/wp-json\/wp\/v2\/product_brand?post=1229"},{"taxonomy":"product_cat","embeddable":true,"href":"https:\/\/irohathai.com\/en\/wp-json\/wp\/v2\/product_cat?post=1229"},{"taxonomy":"product_tag","embeddable":true,"href":"https:\/\/irohathai.com\/en\/wp-json\/wp\/v2\/product_tag?post=1229"}],"curies":[{"name":"wp","href":"https:\/\/api.w.org\/{rel}","templated":true}]}}